{"id":56,"date":"2024-01-22T13:55:16","date_gmt":"2024-01-22T12:55:16","guid":{"rendered":"https:\/\/phineflo.com\/?page_id=56"},"modified":"2024-09-04T17:54:06","modified_gmt":"2024-09-04T15:54:06","slug":"mentions-legales","status":"publish","type":"page","link":"https:\/\/phineflo.com\/index.php\/mentions-legales\/","title":{"rendered":"Mentions l\u00e9gales"},"content":{"rendered":"\n<p><strong>1. \u00c9DITEUR DU SITE :<\/strong><\/p>\n\n\n\n<p>Le pr\u00e9sent site internet est \u00e9dit\u00e9 par Delphine Capella<\/p>\n\n\n\n<p><strong>Raison Sociale :<\/strong> Delphine Capella<\/p>\n\n\n\n<p><strong>Statut Juridique :<\/strong> Auto entrepreneur<\/p>\n\n\n\n<p><strong>Adresse du Si\u00e8ge Social :<\/strong> 7 rue des 3 rois, 68130, Altkirch<\/p>\n\n\n\n<p><strong>Num\u00e9ro de SIRET :<\/strong> 97932845700010<\/p>\n\n\n\n<p><strong>Adresse e-mail :<\/strong> delphine@phineflo.com<\/p>\n\n\n\n<p><strong>T\u00e9l\u00e9phone :<\/strong> +33 782 074 076<\/p>\n\n\n\n<p><strong>Directeur de la publication :<\/strong> Delphine Capella<\/p>\n\n\n\n<p><strong>2. H\u00c9BERGEMENT DU SITE :<\/strong><\/p>\n\n\n\n<p>Le site est h\u00e9berg\u00e9 par OVHCloud<\/p>\n\n\n\n<p><strong>Raison Sociale de l&rsquo;h\u00e9bergeur :<\/strong> OVH SAS<\/p>\n\n\n\n<p><strong>Adresse du Si\u00e8ge Social de l&rsquo;h\u00e9bergeur :<\/strong> 2 rue Kellermann &#8211; 59100 Roubaix &#8211; France<\/p>\n\n\n\n<p><strong>3. PROPRI\u00c9T\u00c9 INTELLECTUELLE :<\/strong><\/p>\n\n\n\n<p>L&rsquo;ensemble des \u00e9l\u00e9ments constituant le site, notamment les textes, images, vid\u00e9os, et tout autre contenu, sont la propri\u00e9t\u00e9 exclusive de Delphine Capella ou de ses partenaires. Toute reproduction, distribution, ou utilisation non autoris\u00e9e est strictement interdite.<\/p>\n\n\n\n<p><strong>4. COLLECTE DE DONN\u00c9ES PERSONNELLES :<\/strong><\/p>\n\n\n\n<p>Lors de l&rsquo;utilisation du site, des donn\u00e9es personnelles peuvent \u00eatre collect\u00e9es. Ces donn\u00e9es sont trait\u00e9es conform\u00e9ment \u00e0 notre politique de confidentialit\u00e9, disponible sur la page d\u00e9di\u00e9e.<\/p>\n\n\n\n<p><strong>5. RESPONSABILIT\u00c9 :<\/strong><\/p>\n\n\n\n<p>Delphine Capella d\u00e9cline toute responsabilit\u00e9 quant \u00e0 l&rsquo;utilisation du contenu du site. Les utilisateurs sont invit\u00e9s \u00e0 utiliser les informations mises \u00e0 disposition de mani\u00e8re responsable.<\/p>\n\n\n\n<p><strong>6. COOKIES :<\/strong><\/p>\n\n\n\n<p>Le site peut utiliser des cookies pour am\u00e9liorer l&rsquo;exp\u00e9rience de l&rsquo;utilisateur. Les utilisateurs ont la possibilit\u00e9 de refuser l&rsquo;utilisation des cookies en configurant leur navigateur.<\/p>\n\n\n\n<p><strong>7. DROIT APPLICABLE ET JURIDICTION COMP\u00c9TENTE :<\/strong><\/p>\n\n\n\n<p>Les pr\u00e9sentes mentions l\u00e9gales sont r\u00e9gies par le droit applicable en France. Tout litige relatif \u00e0 l&rsquo;interpr\u00e9tation ou l&rsquo;ex\u00e9cution des pr\u00e9sentes sera de la comp\u00e9tence exclusive des tribunaux de Mulhouse.<\/p>\n\n\n\n<p>Fait \u00e0 Altkirch, le 22\/01\/2024.<\/p>\n","protected":false},"excerpt":{"rendered":"<p>1. \u00c9DITEUR DU SITE : Le pr\u00e9sent site internet est \u00e9dit\u00e9 par Delphine Capella Raison Sociale : Delphine Capella Statut Juridique : Auto entrepreneur Adresse du Si\u00e8ge Social : 7 rue des 3 rois, 68130, Altkirch Num\u00e9ro de SIRET : 97932845700010 Adresse e-mail : delphine@phineflo.com T\u00e9l\u00e9phone : +33 782 074 076 Directeur de la publication [&hellip;]<\/p>\n","protected":false},"author":1,"featured_media":0,"parent":0,"menu_order":0,"comment_status":"closed","ping_status":"closed","template":"","meta":{"ocean_post_layout":"","ocean_both_sidebars_style":"","ocean_both_sidebars_content_width":0,"ocean_both_sidebars_sidebars_width":0,"ocean_sidebar":"","ocean_second_sidebar":"","ocean_disable_margins":"enable","ocean_add_body_class":"","ocean_shortcode_before_top_bar":"","ocean_shortcode_after_top_bar":"","ocean_shortcode_before_header":"","ocean_shortcode_after_header":"","ocean_has_shortcode":"","ocean_shortcode_after_title":"","ocean_shortcode_before_footer_widgets":"","ocean_shortcode_after_footer_widgets":"","ocean_shortcode_before_footer_bottom":"","ocean_shortcode_after_footer_bottom":"","ocean_display_top_bar":"default","ocean_display_header":"default","ocean_header_style":"","ocean_center_header_left_menu":"","ocean_custom_header_template":"","ocean_custom_logo":0,"ocean_custom_retina_logo":0,"ocean_custom_logo_max_width":0,"ocean_custom_logo_tablet_max_width":0,"ocean_custom_logo_mobile_max_width":0,"ocean_custom_logo_max_height":0,"ocean_custom_logo_tablet_max_height":0,"ocean_custom_logo_mobile_max_height":0,"ocean_header_custom_menu":"24","ocean_menu_typo_font_family":"Baskervville","ocean_menu_typo_font_subset":"","ocean_menu_typo_font_size":14,"ocean_menu_typo_font_size_tablet":0,"ocean_menu_typo_font_size_mobile":0,"ocean_menu_typo_font_size_unit":"px","ocean_menu_typo_font_weight":"","ocean_menu_typo_font_weight_tablet":"","ocean_menu_typo_font_weight_mobile":"","ocean_menu_typo_transform":"","ocean_menu_typo_transform_tablet":"","ocean_menu_typo_transform_mobile":"","ocean_menu_typo_line_height":0,"ocean_menu_typo_line_height_tablet":0,"ocean_menu_typo_line_height_mobile":0,"ocean_menu_typo_line_height_unit":"","ocean_menu_typo_spacing":0,"ocean_menu_typo_spacing_tablet":0,"ocean_menu_typo_spacing_mobile":0,"ocean_menu_typo_spacing_unit":"","ocean_menu_link_color":"#cf4e15","ocean_menu_link_color_hover":"#ef5818","ocean_menu_link_color_active":"#cf4e15","ocean_menu_link_background":"#ffdeb5","ocean_menu_link_hover_background":"#ffdeb5","ocean_menu_link_active_background":"","ocean_menu_social_links_bg":"","ocean_menu_social_hover_links_bg":"","ocean_menu_social_links_color":"","ocean_menu_social_hover_links_color":"","ocean_disable_title":"default","ocean_disable_heading":"default","ocean_post_title":"","ocean_post_subheading":"","ocean_post_title_style":"","ocean_post_title_background_color":"","ocean_post_title_background":0,"ocean_post_title_bg_image_position":"","ocean_post_title_bg_image_attachment":"","ocean_post_title_bg_image_repeat":"","ocean_post_title_bg_image_size":"","ocean_post_title_height":0,"ocean_post_title_bg_overlay":0.5,"ocean_post_title_bg_overlay_color":"","ocean_disable_breadcrumbs":"default","ocean_breadcrumbs_color":"","ocean_breadcrumbs_separator_color":"","ocean_breadcrumbs_links_color":"","ocean_breadcrumbs_links_hover_color":"","ocean_display_footer_widgets":"default","ocean_display_footer_bottom":"default","ocean_custom_footer_template":"","footnotes":""},"class_list":["post-56","page","type-page","status-publish","hentry","entry","owp-thumbs-layout-horizontal","owp-btn-normal","owp-tabs-layout-horizontal","has-no-thumbnails","has-product-nav"],"_links":{"self":[{"href":"https:\/\/phineflo.com\/index.php\/wp-json\/wp\/v2\/pages\/56","targetHints":{"allow":["GET"]}}],"collection":[{"href":"https:\/\/phineflo.com\/index.php\/wp-json\/wp\/v2\/pages"}],"about":[{"href":"https:\/\/phineflo.com\/index.php\/wp-json\/wp\/v2\/types\/page"}],"author":[{"embeddable":true,"href":"https:\/\/phineflo.com\/index.php\/wp-json\/wp\/v2\/users\/1"}],"replies":[{"embeddable":true,"href":"https:\/\/phineflo.com\/index.php\/wp-json\/wp\/v2\/comments?post=56"}],"version-history":[{"count":3,"href":"https:\/\/phineflo.com\/index.php\/wp-json\/wp\/v2\/pages\/56\/revisions"}],"predecessor-version":[{"id":1440,"href":"https:\/\/phineflo.com\/index.php\/wp-json\/wp\/v2\/pages\/56\/revisions\/1440"}],"wp:attachment":[{"href":"https:\/\/phineflo.com\/index.php\/wp-json\/wp\/v2\/media?parent=56"}],"curies":[{"name":"wp","href":"https:\/\/api.w.org\/{rel}","templated":true}]}}