{"id":1104,"date":"2024-09-02T22:34:35","date_gmt":"2024-09-02T20:34:35","guid":{"rendered":"https:\/\/phineflo.com\/?post_type=product&#038;p=1104"},"modified":"2024-09-09T20:43:50","modified_gmt":"2024-09-09T18:43:50","slug":"cotton-quick-batik","status":"publish","type":"product","link":"https:\/\/phineflo.com\/index.php\/produit\/cotton-quick-batik\/","title":{"rendered":"Cotton Quick batik"},"content":{"rendered":"<h2>Ce que vous devez savoir au sujet de notre fil Cotton Quick Batik<\/h2>\n<p>Cela fait 7000 ans d\u00e9j\u00e0 que les Mayas du Mexique et les Incas du P\u00e9rou le savent : le coton est un v\u00e9ritable cadeau que la nature nous offre. C\u2019est notamment le cas de Cotton Quick Batik qui, avec son rapport impression\/longueur important aux couleurs joyeuses, a encore \u00e9t\u00e9 am\u00e9lior\u00e9. Et, bien entendu, il est \u00e9galement merveilleux au toucher. Doux et frais \u00e0 la fois, ce fil facile d\u2019entretien ne gratte pas du tout. C\u2019est notamment en \u00e9t\u00e9 qu\u2019il est tr\u00e8s agr\u00e9able \u00e0 porter. Ce coton robuste et durable affiche un d\u00e9grad\u00e9 de couleurs l\u00e9g\u00e8rement brillant, et, lorsque la temp\u00e9rature est \u00e9lev\u00e9e, il est tr\u00e8s frais.<\/p>\n<h2>Ce que vous pouvez faire avec notre fil Cotton Quick Batik<\/h2>\n<p>Nous adorons le fil haut en couleurs Cotton Quick Batik pour les cr\u00e9ations d&rsquo;\u00e9t\u00e9, telles que les tops, hauts et pulls l\u00e9gers. Des accessoires au tricot ou au crochet r\u00e9alis\u00e9s avec ce fil constituent de v\u00e9ritables points de mire pour ce qui est des couleurs, et ils mettent en valeur n\u2019importe quelle tenue. Alors, allons briller ensemble !<\/p>\n","protected":false},"excerpt":{"rendered":"<p style=\"font-weight: 400;\"><strong style=\"font-weight: 500 !important;\">Composition :<\/strong>\u00a0100 % coton (peign\u00e9, merceris\u00e9, gaz\u00e9)<\/p>\n<p style=\"font-weight: 400;\"><strong style=\"font-weight: 500 !important;\">Longueur\u00a0:<\/strong>\u00a0100 g \/ 260 m<\/p>\n<p style=\"font-weight: 400;\"><strong style=\"font-weight: 500 !important;\">Pelote :\u00a0<\/strong>100 g &#8211; Pelote en longueur<\/p>\n<p style=\"font-weight: 400;\"><strong style=\"font-weight: 500 !important;\">Aiguilles\u00a0:\u00a0<\/strong>3,0 &#8211; 4,0<\/p>\n<p style=\"font-weight: 400;\"><strong style=\"font-weight: 500 !important;\">\u00c9chantillon\u00a0:<\/strong>\u00a0(10 x 10 cm tricot\u00e9s en jersey endroit)<\/p>\n<p><span style=\"font-weight: 400;\">22 mailles x 30 rangs\u00a0<\/span><span style=\"font-weight: 400;\">\u00a0<\/span><\/p>\n<p style=\"font-weight: 400;\"><strong style=\"font-weight: 500 !important;\">Quantit\u00e9 requise :<\/strong>\u00a0 Pull taille 38\u00a0: env. 450 g, \u00e9charpe triangle : env. 300 g = 3 pelotes<\/p>\n<p>Certifications:OEKO-TEX \u00ae<\/p>\n<p data-wp-editing=\"1\">Conseils d&rsquo;entretien: <img loading=\"lazy\" decoding=\"async\" class=\"product-caresymbol alignnone\" src=\"https:\/\/b2b.gruendl.com\/media\/44\/e6\/8a\/1593448276\/G_TTKZ_Waesche_Wollwaschgang_40.png\" width=\"40\" height=\"40\" data-symbol=\"pf_wasch 11\" \/>\u00a0<img loading=\"lazy\" decoding=\"async\" class=\"product-caresymbol\" src=\"https:\/\/b2b.gruendl.com\/media\/32\/47\/40\/1593448276\/G_TTKZ_Waesche_NichtBleichen.png\" width=\"40\" height=\"40\" data-symbol=\"pf_bleich 2\" \/>\u00a0<img loading=\"lazy\" decoding=\"async\" class=\"product-caresymbol\" src=\"https:\/\/b2b.gruendl.com\/media\/c1\/39\/50\/1593448276\/G_TTKZ_Waesche_KeinTrockner.png\" width=\"40\" height=\"40\" data-symbol=\"pf_trock 2\" \/>\u00a0<img loading=\"lazy\" decoding=\"async\" class=\"product-caresymbol\" src=\"https:\/\/b2b.gruendl.com\/media\/e9\/49\/22\/1593448275\/G_TTKZ_Buegeln_Nicht.png\" width=\"40\" height=\"40\" data-symbol=\"pf_bueg 14\" \/>\u00a0<img loading=\"lazy\" decoding=\"async\" class=\"product-caresymbol\" src=\"https:\/\/b2b.gruendl.com\/media\/29\/78\/bb\/1593448275\/G_TTKZ_Waesche_ChemischReinigenMgl.png\" width=\"40\" height=\"40\" data-symbol=\"pf_chem 1\" \/>\u00a0<img loading=\"lazy\" decoding=\"async\" class=\"product-caresymbol\" src=\"https:\/\/b2b.gruendl.com\/media\/ba\/2b\/1d\/1618215910\/Liegend_waschen.png\" width=\"40\" height=\"40\" data-symbol=\"pf_liegtrock 1\" \/><\/p>\n","protected":false},"featured_media":2213,"comment_status":"open","ping_status":"closed","template":"","meta":{"ocean_post_layout":"","ocean_both_sidebars_style":"","ocean_both_sidebars_content_width":0,"ocean_both_sidebars_sidebars_width":0,"ocean_sidebar":"0","ocean_second_sidebar":"0","ocean_disable_margins":"enable","ocean_add_body_class":"","ocean_shortcode_before_top_bar":"","ocean_shortcode_after_top_bar":"","ocean_shortcode_before_header":"","ocean_shortcode_after_header":"","ocean_has_shortcode":"","ocean_shortcode_after_title":"","ocean_shortcode_before_footer_widgets":"","ocean_shortcode_after_footer_widgets":"","ocean_shortcode_before_footer_bottom":"","ocean_shortcode_after_footer_bottom":"","ocean_display_top_bar":"default","ocean_display_header":"default","ocean_header_style":"","ocean_center_header_left_menu":"0","ocean_custom_header_template":"0","ocean_custom_logo":0,"ocean_custom_retina_logo":0,"ocean_custom_logo_max_width":0,"ocean_custom_logo_tablet_max_width":0,"ocean_custom_logo_mobile_max_width":0,"ocean_custom_logo_max_height":0,"ocean_custom_logo_tablet_max_height":0,"ocean_custom_logo_mobile_max_height":0,"ocean_header_custom_menu":"0","ocean_menu_typo_font_family":"0","ocean_menu_typo_font_subset":"","ocean_menu_typo_font_size":0,"ocean_menu_typo_font_size_tablet":0,"ocean_menu_typo_font_size_mobile":0,"ocean_menu_typo_font_size_unit":"px","ocean_menu_typo_font_weight":"","ocean_menu_typo_font_weight_tablet":"","ocean_menu_typo_font_weight_mobile":"","ocean_menu_typo_transform":"","ocean_menu_typo_transform_tablet":"","ocean_menu_typo_transform_mobile":"","ocean_menu_typo_line_height":0,"ocean_menu_typo_line_height_tablet":0,"ocean_menu_typo_line_height_mobile":0,"ocean_menu_typo_line_height_unit":"","ocean_menu_typo_spacing":0,"ocean_menu_typo_spacing_tablet":0,"ocean_menu_typo_spacing_mobile":0,"ocean_menu_typo_spacing_unit":"","ocean_menu_link_color":"","ocean_menu_link_color_hover":"","ocean_menu_link_color_active":"","ocean_menu_link_background":"","ocean_menu_link_hover_background":"","ocean_menu_link_active_background":"","ocean_menu_social_links_bg":"","ocean_menu_social_hover_links_bg":"","ocean_menu_social_links_color":"","ocean_menu_social_hover_links_color":"","ocean_disable_title":"default","ocean_disable_heading":"default","ocean_post_title":"","ocean_post_subheading":"","ocean_post_title_style":"","ocean_post_title_background_color":"","ocean_post_title_background":0,"ocean_post_title_bg_image_position":"","ocean_post_title_bg_image_attachment":"","ocean_post_title_bg_image_repeat":"","ocean_post_title_bg_image_size":"","ocean_post_title_height":0,"ocean_post_title_bg_overlay":0.5,"ocean_post_title_bg_overlay_color":"","ocean_disable_breadcrumbs":"default","ocean_breadcrumbs_color":"","ocean_breadcrumbs_separator_color":"","ocean_breadcrumbs_links_color":"","ocean_breadcrumbs_links_hover_color":"","ocean_display_footer_widgets":"default","ocean_display_footer_bottom":"default","ocean_custom_footer_template":"0"},"product_brand":[],"product_cat":[203,202],"product_tag":[205,206,137],"class_list":{"0":"post-1104","1":"product","2":"type-product","3":"status-publish","4":"has-post-thumbnail","6":"product_cat-fil-a-crochete","7":"product_cat-mercerie","8":"product_tag-coton","9":"product_tag-mecerise","10":"product_tag-oeko-tex","12":"entry","13":"has-media","15":"first","16":"instock","17":"shipping-taxable","18":"purchasable","19":"product-type-variable","20":"has-product-nav","21":"col","22":"span_1_of_3","23":"owp-content-center","24":"owp-thumbs-layout-horizontal","25":"owp-btn-normal","26":"owp-tabs-layout-horizontal"},"_links":{"self":[{"href":"https:\/\/phineflo.com\/index.php\/wp-json\/wp\/v2\/product\/1104","targetHints":{"allow":["GET"]}}],"collection":[{"href":"https:\/\/phineflo.com\/index.php\/wp-json\/wp\/v2\/product"}],"about":[{"href":"https:\/\/phineflo.com\/index.php\/wp-json\/wp\/v2\/types\/product"}],"replies":[{"embeddable":true,"href":"https:\/\/phineflo.com\/index.php\/wp-json\/wp\/v2\/comments?post=1104"}],"wp:featuredmedia":[{"embeddable":true,"href":"https:\/\/phineflo.com\/index.php\/wp-json\/wp\/v2\/media\/2213"}],"wp:attachment":[{"href":"https:\/\/phineflo.com\/index.php\/wp-json\/wp\/v2\/media?parent=1104"}],"wp:term":[{"taxonomy":"product_brand","embeddable":true,"href":"https:\/\/phineflo.com\/index.php\/wp-json\/wp\/v2\/product_brand?post=1104"},{"taxonomy":"product_cat","embeddable":true,"href":"https:\/\/phineflo.com\/index.php\/wp-json\/wp\/v2\/product_cat?post=1104"},{"taxonomy":"product_tag","embeddable":true,"href":"https:\/\/phineflo.com\/index.php\/wp-json\/wp\/v2\/product_tag?post=1104"}],"curies":[{"name":"wp","href":"https:\/\/api.w.org\/{rel}","templated":true}]}}