{"id":1109,"date":"2024-09-02T22:34:39","date_gmt":"2024-09-02T20:34:39","guid":{"rendered":"https:\/\/phineflo.com\/?post_type=product&#038;p=1109"},"modified":"2024-09-09T20:37:13","modified_gmt":"2024-09-09T18:37:13","slug":"cotton-quick-print","status":"publish","type":"product","link":"https:\/\/phineflo.com\/index.php\/produit\/cotton-quick-print\/","title":{"rendered":"Cotton Quick print"},"content":{"rendered":"<h2>Ce qu&rsquo;il faut savoir pour louer Gr\u00fcndl Cotton Quick Print<\/h2>\n<p>Pouvons-nous vous pr\u00e9senter\u00a0: un autre membre de la\u00a0famille Cotton Quick\u00a0. La\u00a0version imprim\u00e9e de notre fil de coton universel\u00a0fait partie des camarades color\u00e9s. Id\u00e9al si vous souhaitez apporter de la couleur et de l&rsquo;\u00e9nergie dans votre quotidien ! Le fil de coton\u00a0merceris\u00e9\u00a0a un\u00a0\u00e9clat soyeux\u00a0et est\u00a0facile \u00e0 entretenir, durable et durable\u00a0. Des processus de finition sophistiqu\u00e9s emp\u00eachent \u00e9galement la formation de boulochage. En tant que\u00a0fil d&rsquo;\u00e9t\u00e9 id\u00e9al, le fil a\u00a0un effet rafra\u00eechissant,\u00a0surtout pendant les chaudes journ\u00e9es d&rsquo;\u00e9t\u00e9\u00a0. et avez-vous d\u00e9j\u00e0 d\u00e9couvert les\u00a0superbes motifs et couleurs\u00a0? Vous avez l&#8217;embarras du choix !<\/p>\n<h2>Ce que vous pouvez faire avec Gr\u00fcndl Cotton Quick Print<\/h2>\n<p>L&rsquo;\u00e9t\u00e9 sans imprim\u00e9s color\u00e9s, c&rsquo;est comme No\u00ebl sans cadeaux, vous ne trouvez pas ? Vous pouvez vous attendre \u00e0 des hauts, des gilets ou des pulls doux et rafra\u00eechissants. Vous pouvez \u00e9galement cr\u00e9er des accessoires tricot\u00e9s et crochet\u00e9s comme des sacs et pochettes avec ce fil. Ou que diriez-vous de d\u00e9corations pour la maison comme des maniques, des sets de table ou des coussins ? Le fil est \u00e9galement id\u00e9al pour la mode b\u00e9b\u00e9 et enfant car il est tr\u00e8s facile d&rsquo;entretien et ne gratte pas.<\/p>\n","protected":false},"excerpt":{"rendered":"<p>Composition:100% coton (merceris\u00e9, gaz\u00e9, peign\u00e9)<\/p>\n<p>Poids\/longueur du canon\u00a0:50g\/125m<\/p>\n<p>Jauge:22 m x 30 rangs = 10 x 10 cm<\/p>\n<p>Taille de l&rsquo;aiguille :3mm &#8211; 4mm<\/p>\n<p>Consommation de mati\u00e8re\u00a0:Pull (taille 38) = 450 g<\/p>\n<p>Attestation\u00a0:OEKO-TEX\u00ae<\/p>\n<p data-wp-editing=\"1\">Conseils d&rsquo;entretien: <img loading=\"lazy\" decoding=\"async\" class=\"product-caresymbol alignnone\" src=\"https:\/\/b2b.gruendl.com\/media\/44\/e6\/8a\/1593448276\/G_TTKZ_Waesche_Wollwaschgang_40.png\" width=\"40\" height=\"40\" data-symbol=\"pf_wasch 11\" \/>\u00a0<img loading=\"lazy\" decoding=\"async\" class=\"product-caresymbol\" src=\"https:\/\/b2b.gruendl.com\/media\/32\/47\/40\/1593448276\/G_TTKZ_Waesche_NichtBleichen.png\" width=\"40\" height=\"40\" data-symbol=\"pf_bleich 2\" \/>\u00a0<img loading=\"lazy\" decoding=\"async\" class=\"product-caresymbol\" src=\"https:\/\/b2b.gruendl.com\/media\/c1\/39\/50\/1593448276\/G_TTKZ_Waesche_KeinTrockner.png\" width=\"40\" height=\"40\" data-symbol=\"pf_trock 2\" \/>\u00a0<img loading=\"lazy\" decoding=\"async\" class=\"product-caresymbol\" src=\"https:\/\/b2b.gruendl.com\/media\/e9\/49\/22\/1593448275\/G_TTKZ_Buegeln_Nicht.png\" width=\"40\" height=\"40\" data-symbol=\"pf_bueg 14\" \/>\u00a0<img loading=\"lazy\" decoding=\"async\" class=\"product-caresymbol\" src=\"https:\/\/b2b.gruendl.com\/media\/29\/78\/bb\/1593448275\/G_TTKZ_Waesche_ChemischReinigenMgl.png\" width=\"40\" height=\"40\" data-symbol=\"pf_chem 1\" \/>\u00a0<img loading=\"lazy\" decoding=\"async\" class=\"product-caresymbol\" src=\"https:\/\/b2b.gruendl.com\/media\/ba\/2b\/1d\/1618215910\/Liegend_waschen.png\" width=\"40\" height=\"40\" data-symbol=\"pf_liegtrock 1\" \/><\/p>\n","protected":false},"featured_media":2212,"comment_status":"open","ping_status":"closed","template":"","meta":{"ocean_post_layout":"","ocean_both_sidebars_style":"","ocean_both_sidebars_content_width":0,"ocean_both_sidebars_sidebars_width":0,"ocean_sidebar":"0","ocean_second_sidebar":"0","ocean_disable_margins":"enable","ocean_add_body_class":"","ocean_shortcode_before_top_bar":"","ocean_shortcode_after_top_bar":"","ocean_shortcode_before_header":"","ocean_shortcode_after_header":"","ocean_has_shortcode":"","ocean_shortcode_after_title":"","ocean_shortcode_before_footer_widgets":"","ocean_shortcode_after_footer_widgets":"","ocean_shortcode_before_footer_bottom":"","ocean_shortcode_after_footer_bottom":"","ocean_display_top_bar":"default","ocean_display_header":"default","ocean_header_style":"","ocean_center_header_left_menu":"0","ocean_custom_header_template":"0","ocean_custom_logo":0,"ocean_custom_retina_logo":0,"ocean_custom_logo_max_width":0,"ocean_custom_logo_tablet_max_width":0,"ocean_custom_logo_mobile_max_width":0,"ocean_custom_logo_max_height":0,"ocean_custom_logo_tablet_max_height":0,"ocean_custom_logo_mobile_max_height":0,"ocean_header_custom_menu":"0","ocean_menu_typo_font_family":"0","ocean_menu_typo_font_subset":"","ocean_menu_typo_font_size":0,"ocean_menu_typo_font_size_tablet":0,"ocean_menu_typo_font_size_mobile":0,"ocean_menu_typo_font_size_unit":"px","ocean_menu_typo_font_weight":"","ocean_menu_typo_font_weight_tablet":"","ocean_menu_typo_font_weight_mobile":"","ocean_menu_typo_transform":"","ocean_menu_typo_transform_tablet":"","ocean_menu_typo_transform_mobile":"","ocean_menu_typo_line_height":0,"ocean_menu_typo_line_height_tablet":0,"ocean_menu_typo_line_height_mobile":0,"ocean_menu_typo_line_height_unit":"","ocean_menu_typo_spacing":0,"ocean_menu_typo_spacing_tablet":0,"ocean_menu_typo_spacing_mobile":0,"ocean_menu_typo_spacing_unit":"","ocean_menu_link_color":"#cf4e15","ocean_menu_link_color_hover":"","ocean_menu_link_color_active":"","ocean_menu_link_background":"","ocean_menu_link_hover_background":"","ocean_menu_link_active_background":"","ocean_menu_social_links_bg":"","ocean_menu_social_hover_links_bg":"","ocean_menu_social_links_color":"","ocean_menu_social_hover_links_color":"","ocean_disable_title":"default","ocean_disable_heading":"default","ocean_post_title":"","ocean_post_subheading":"","ocean_post_title_style":"","ocean_post_title_background_color":"","ocean_post_title_background":0,"ocean_post_title_bg_image_position":"","ocean_post_title_bg_image_attachment":"","ocean_post_title_bg_image_repeat":"","ocean_post_title_bg_image_size":"","ocean_post_title_height":0,"ocean_post_title_bg_overlay":0.5,"ocean_post_title_bg_overlay_color":"","ocean_disable_breadcrumbs":"default","ocean_breadcrumbs_color":"","ocean_breadcrumbs_separator_color":"","ocean_breadcrumbs_links_color":"","ocean_breadcrumbs_links_hover_color":"","ocean_display_footer_widgets":"default","ocean_display_footer_bottom":"default","ocean_custom_footer_template":"0"},"product_brand":[],"product_cat":[203,202],"product_tag":[205,206,137],"class_list":{"0":"post-1109","1":"product","2":"type-product","3":"status-publish","4":"has-post-thumbnail","6":"product_cat-fil-a-crochete","7":"product_cat-mercerie","8":"product_tag-coton","9":"product_tag-mecerise","10":"product_tag-oeko-tex","12":"entry","13":"has-media","15":"first","16":"instock","17":"shipping-taxable","18":"purchasable","19":"product-type-variable","20":"has-product-nav","21":"col","22":"span_1_of_3","23":"owp-content-center","24":"owp-thumbs-layout-horizontal","25":"owp-btn-normal","26":"owp-tabs-layout-horizontal"},"_links":{"self":[{"href":"https:\/\/phineflo.com\/index.php\/wp-json\/wp\/v2\/product\/1109","targetHints":{"allow":["GET"]}}],"collection":[{"href":"https:\/\/phineflo.com\/index.php\/wp-json\/wp\/v2\/product"}],"about":[{"href":"https:\/\/phineflo.com\/index.php\/wp-json\/wp\/v2\/types\/product"}],"replies":[{"embeddable":true,"href":"https:\/\/phineflo.com\/index.php\/wp-json\/wp\/v2\/comments?post=1109"}],"wp:featuredmedia":[{"embeddable":true,"href":"https:\/\/phineflo.com\/index.php\/wp-json\/wp\/v2\/media\/2212"}],"wp:attachment":[{"href":"https:\/\/phineflo.com\/index.php\/wp-json\/wp\/v2\/media?parent=1109"}],"wp:term":[{"taxonomy":"product_brand","embeddable":true,"href":"https:\/\/phineflo.com\/index.php\/wp-json\/wp\/v2\/product_brand?post=1109"},{"taxonomy":"product_cat","embeddable":true,"href":"https:\/\/phineflo.com\/index.php\/wp-json\/wp\/v2\/product_cat?post=1109"},{"taxonomy":"product_tag","embeddable":true,"href":"https:\/\/phineflo.com\/index.php\/wp-json\/wp\/v2\/product_tag?post=1109"}],"curies":[{"name":"wp","href":"https:\/\/api.w.org\/{rel}","templated":true}]}}