{"id":2581,"date":"2025-03-30T15:59:04","date_gmt":"2025-03-30T13:59:04","guid":{"rendered":"https:\/\/phineflo.com\/?post_type=product&#038;p=2581"},"modified":"2025-03-30T16:05:31","modified_gmt":"2025-03-30T14:05:31","slug":"top-oceane","status":"publish","type":"product","link":"https:\/\/phineflo.com\/index.php\/produit\/top-oceane\/","title":{"rendered":"Top Oc\u00e9ane"},"content":{"rendered":"<p class=\"\" data-start=\"76\" data-end=\"482\">**\u00a0\u00bbLe crop top <em data-start=\"91\" data-end=\"99\">Oc\u00e9ane<\/em> est une pi\u00e8ce unique et \u00e9l\u00e9gante, confectionn\u00e9e enti\u00e8rement \u00e0 la main avec amour et savoir-faire. R\u00e9alis\u00e9 en 100 % coton certifi\u00e9 Oeko-Tex, il offre une douceur incomparable et un confort optimal, tout en respectant votre peau et l\u2019environnement. Son design d\u00e9licat, agr\u00e9ment\u00e9 de motifs ajour\u00e9s et d\u2019une finition en dentelle crochet\u00e9e, lui conf\u00e8re une touche boh\u00e8me et romantique.<\/p>\n<p class=\"\" data-start=\"484\" data-end=\"787\">Avec son d\u00e9collet\u00e9 plongeant et sa coupe ajust\u00e9e, ce top met subtilement en valeur la silhouette tout en restant l\u00e9ger et agr\u00e9able \u00e0 porter. Id\u00e9al pour les journ\u00e9es ensoleill\u00e9es, les festivals ou une tenue estivale chic, il se marie parfaitement avec un short taille haute, une jupe fluide ou un jean.<\/p>\n<p class=\"\" data-start=\"789\" data-end=\"1014\">Enti\u00e8rement personnalisable, le top <em data-start=\"825\" data-end=\"833\">Oc\u00e9ane<\/em> est disponible sur mesure pour s\u2019adapter \u00e0 toutes les morphologies. Vous pouvez choisir la couleur qui vous correspond le mieux afin de cr\u00e9er un mod\u00e8le unique qui vous ressemble.<\/p>\n<p class=\"\" data-start=\"1016\" data-end=\"1172\">Ajoutez une touche artisanale et \u00e9l\u00e9gante \u00e0 votre garde-robe avec ce top fait main, con\u00e7u pour celles qui aiment la mode \u00e9thique et les pi\u00e8ces uniques.\u00a0\u00bb**<\/p>\n<p class=\"\" data-start=\"1174\" data-end=\"1236\">Tu veux que j\u2019ajoute des conseils de style ou d\u2019entretien ? \ud83d\ude0a<\/p>\n<p data-start=\"603\" data-end=\"739\" data-is-last-node=\"\" data-is-only-node=\"\"><!--more--><\/p>\n<p><a href=\"#\"><br \/>\n\ud83d\udccf Guide des tailles<br \/>\n<\/a><\/p>\n<div id=\"popup-guide\" style=\"display: none; position: fixed; top: 50%; left: 50%; transform: translate(-50%, -50%); background: white; padding: 20px; box-shadow: 0 0 10px rgba(0,0,0,0.3); z-index: 1000;\">\n<h2>Guide des tailles<\/h2>\n<table border=\"1\" cellpadding=\"5\">\n<tbody>\n<tr>\n<th>Taille<\/th>\n<th>Tour de poitrine (cm)<\/th>\n<th>Tour de taille (cm)<\/th>\n<th>Tour sous poitrine (cm)<\/th>\n<\/tr>\n<tr>\n<td>XS (34)<\/td>\n<td>76-82<\/td>\n<td>60-66<\/td>\n<td>65-70<\/td>\n<\/tr>\n<tr>\n<td>S (36)<\/td>\n<td>82-88<\/td>\n<td>66-72<\/td>\n<td>70-75<\/td>\n<\/tr>\n<tr>\n<td>M (38)<\/td>\n<td>88-94<\/td>\n<td>72-78<\/td>\n<td>75-80<\/td>\n<\/tr>\n<tr>\n<td>L (40)<\/td>\n<td>94-100<\/td>\n<td>78-84<\/td>\n<td>80-85<\/td>\n<\/tr>\n<tr>\n<td>XL (42)<\/td>\n<td>100-106<\/td>\n<td>84-90<\/td>\n<td>85-90<\/td>\n<\/tr>\n<tr>\n<td>XXL (44)<\/td>\n<td>106-112<\/td>\n<td>90-96<\/td>\n<td>90-95<\/td>\n<\/tr>\n<\/tbody>\n<\/table>\n<p><button>Fermer<\/button><\/p>\n<\/div>\n","protected":false},"excerpt":{"rendered":"<p class=\"\" data-start=\"68\" data-end=\"430\"><strong data-start=\"68\" data-end=\"428\">\u00ab\u00a0Le crop top <em data-start=\"83\" data-end=\"91\">Oc\u00e9ane<\/em> est une pi\u00e8ce \u00e9l\u00e9gante et boh\u00e8me, enti\u00e8rement fait main en 100 % coton Oeko-Tex, garantissant douceur et confort. Son d\u00e9licat motif au crochet et son d\u00e9collet\u00e9 plongeant subliment la silhouette avec f\u00e9minit\u00e9. Disponible en taille personnalis\u00e9e et dans la couleur de votre choix, il est parfait pour un look estival unique et raffin\u00e9.\u00a0\u00bb<\/strong><\/p>\n<p class=\"\" data-start=\"432\" data-end=\"503\">\n","protected":false},"featured_media":2588,"comment_status":"open","ping_status":"closed","template":"","meta":{"ocean_post_layout":"","ocean_both_sidebars_style":"","ocean_both_sidebars_content_width":0,"ocean_both_sidebars_sidebars_width":0,"ocean_sidebar":"0","ocean_second_sidebar":"0","ocean_disable_margins":"enable","ocean_add_body_class":"","ocean_shortcode_before_top_bar":"","ocean_shortcode_after_top_bar":"","ocean_shortcode_before_header":"","ocean_shortcode_after_header":"","ocean_has_shortcode":"","ocean_shortcode_after_title":"","ocean_shortcode_before_footer_widgets":"","ocean_shortcode_after_footer_widgets":"","ocean_shortcode_before_footer_bottom":"","ocean_shortcode_after_footer_bottom":"","ocean_display_top_bar":"default","ocean_display_header":"default","ocean_header_style":"","ocean_center_header_left_menu":"0","ocean_custom_header_template":"0","ocean_custom_logo":0,"ocean_custom_retina_logo":0,"ocean_custom_logo_max_width":0,"ocean_custom_logo_tablet_max_width":0,"ocean_custom_logo_mobile_max_width":0,"ocean_custom_logo_max_height":0,"ocean_custom_logo_tablet_max_height":0,"ocean_custom_logo_mobile_max_height":0,"ocean_header_custom_menu":"0","ocean_menu_typo_font_family":"0","ocean_menu_typo_font_subset":"","ocean_menu_typo_font_size":0,"ocean_menu_typo_font_size_tablet":0,"ocean_menu_typo_font_size_mobile":0,"ocean_menu_typo_font_size_unit":"px","ocean_menu_typo_font_weight":"","ocean_menu_typo_font_weight_tablet":"","ocean_menu_typo_font_weight_mobile":"","ocean_menu_typo_transform":"","ocean_menu_typo_transform_tablet":"","ocean_menu_typo_transform_mobile":"","ocean_menu_typo_line_height":0,"ocean_menu_typo_line_height_tablet":0,"ocean_menu_typo_line_height_mobile":0,"ocean_menu_typo_line_height_unit":"","ocean_menu_typo_spacing":0,"ocean_menu_typo_spacing_tablet":0,"ocean_menu_typo_spacing_mobile":0,"ocean_menu_typo_spacing_unit":"","ocean_menu_link_color":"","ocean_menu_link_color_hover":"","ocean_menu_link_color_active":"","ocean_menu_link_background":"","ocean_menu_link_hover_background":"","ocean_menu_link_active_background":"","ocean_menu_social_links_bg":"","ocean_menu_social_hover_links_bg":"","ocean_menu_social_links_color":"","ocean_menu_social_hover_links_color":"","ocean_disable_title":"default","ocean_disable_heading":"default","ocean_post_title":"","ocean_post_subheading":"","ocean_post_title_style":"","ocean_post_title_background_color":"","ocean_post_title_background":0,"ocean_post_title_bg_image_position":"","ocean_post_title_bg_image_attachment":"","ocean_post_title_bg_image_repeat":"","ocean_post_title_bg_image_size":"","ocean_post_title_height":0,"ocean_post_title_bg_overlay":0.5,"ocean_post_title_bg_overlay_color":"","ocean_disable_breadcrumbs":"default","ocean_breadcrumbs_color":"","ocean_breadcrumbs_separator_color":"","ocean_breadcrumbs_links_color":"","ocean_breadcrumbs_links_hover_color":"","ocean_display_footer_widgets":"default","ocean_display_footer_bottom":"default","ocean_custom_footer_template":"0"},"product_brand":[],"product_cat":[132,247,246],"product_tag":[238,239,240,242,244,237,136,245,137,162,241,243],"class_list":{"0":"post-2581","1":"product","2":"type-product","3":"status-publish","4":"has-post-thumbnail","6":"product_cat-articles-crochetes","7":"product_cat-crop-top","8":"product_cat-vetement","9":"product_tag-ajustable","10":"product_tag-confortable","11":"product_tag-coton-doux","12":"product_tag-coton-naturel","13":"product_tag-design","14":"product_tag-ete","15":"product_tag-fait-main","16":"product_tag-leger","17":"product_tag-oeko-tex","18":"product_tag-original","19":"product_tag-respirant","20":"product_tag-unique","22":"entry","23":"has-media","25":"first","26":"instock","27":"shipping-taxable","28":"purchasable","29":"product-type-variable","30":"has-product-nav","31":"col","32":"span_1_of_3","33":"owp-content-center","34":"owp-thumbs-layout-horizontal","35":"owp-btn-normal","36":"owp-tabs-layout-horizontal"},"_links":{"self":[{"href":"https:\/\/phineflo.com\/index.php\/wp-json\/wp\/v2\/product\/2581","targetHints":{"allow":["GET"]}}],"collection":[{"href":"https:\/\/phineflo.com\/index.php\/wp-json\/wp\/v2\/product"}],"about":[{"href":"https:\/\/phineflo.com\/index.php\/wp-json\/wp\/v2\/types\/product"}],"replies":[{"embeddable":true,"href":"https:\/\/phineflo.com\/index.php\/wp-json\/wp\/v2\/comments?post=2581"}],"wp:featuredmedia":[{"embeddable":true,"href":"https:\/\/phineflo.com\/index.php\/wp-json\/wp\/v2\/media\/2588"}],"wp:attachment":[{"href":"https:\/\/phineflo.com\/index.php\/wp-json\/wp\/v2\/media?parent=2581"}],"wp:term":[{"taxonomy":"product_brand","embeddable":true,"href":"https:\/\/phineflo.com\/index.php\/wp-json\/wp\/v2\/product_brand?post=2581"},{"taxonomy":"product_cat","embeddable":true,"href":"https:\/\/phineflo.com\/index.php\/wp-json\/wp\/v2\/product_cat?post=2581"},{"taxonomy":"product_tag","embeddable":true,"href":"https:\/\/phineflo.com\/index.php\/wp-json\/wp\/v2\/product_tag?post=2581"}],"curies":[{"name":"wp","href":"https:\/\/api.w.org\/{rel}","templated":true}]}}