{"id":2660,"date":"2025-11-10T12:24:56","date_gmt":"2025-11-10T11:24:56","guid":{"rendered":"https:\/\/phineflo.com\/?post_type=product&#038;p=2660"},"modified":"2025-11-10T18:12:55","modified_gmt":"2025-11-10T17:12:55","slug":"boule-ange","status":"publish","type":"product","link":"https:\/\/phineflo.com\/index.php\/produit\/boule-ange\/","title":{"rendered":"Boule Ange"},"content":{"rendered":"<p>Crochet\u00e9 \u00e0 la main avec amour en coton Oeko-Tex, cet ange lumineux incarne toute la douceur des f\u00eates.<br data-start=\"1371\" data-end=\"1374\" \/>Ses ailes d\u00e9licates, sa robe immacul\u00e9e et son aur\u00e9ole dor\u00e9e font de lui une d\u00e9coration raffin\u00e9e et po\u00e9tique.<br data-start=\"1482\" data-end=\"1485\" \/>Chaque point est r\u00e9alis\u00e9 avec soin pour offrir une pi\u00e8ce unique, symbole de s\u00e9r\u00e9nit\u00e9 et de bienveillance.<br data-start=\"1590\" data-end=\"1593\" \/>Cet ange <strong data-start=\"1602\" data-end=\"1617\">Phine &amp; Flo<\/strong> veillera sur ton foyer tout au long de la saison de No\u00ebl, apportant paix et beaut\u00e9 \u00e0 ta d\u00e9coration.<\/p>\n","protected":false},"excerpt":{"rendered":"<p>Un ange tout doux crochet\u00e9 \u00e0 la main en coton Oeko-Tex pour veiller sur ton sapin.<br data-start=\"1153\" data-end=\"1156\" \/>Symbole de paix et de lumi\u00e8re, il incarne la magie d\u2019un No\u00ebl tendre et artisanal.<\/p>\n","protected":false},"featured_media":2662,"comment_status":"open","ping_status":"closed","template":"","meta":{"ocean_post_layout":"","ocean_both_sidebars_style":"","ocean_both_sidebars_content_width":0,"ocean_both_sidebars_sidebars_width":0,"ocean_sidebar":"0","ocean_second_sidebar":"0","ocean_disable_margins":"enable","ocean_add_body_class":"","ocean_shortcode_before_top_bar":"","ocean_shortcode_after_top_bar":"","ocean_shortcode_before_header":"","ocean_shortcode_after_header":"","ocean_has_shortcode":"","ocean_shortcode_after_title":"","ocean_shortcode_before_footer_widgets":"","ocean_shortcode_after_footer_widgets":"","ocean_shortcode_before_footer_bottom":"","ocean_shortcode_after_footer_bottom":"","ocean_display_top_bar":"default","ocean_display_header":"default","ocean_header_style":"","ocean_center_header_left_menu":"0","ocean_custom_header_template":"0","ocean_custom_logo":0,"ocean_custom_retina_logo":0,"ocean_custom_logo_max_width":0,"ocean_custom_logo_tablet_max_width":0,"ocean_custom_logo_mobile_max_width":0,"ocean_custom_logo_max_height":0,"ocean_custom_logo_tablet_max_height":0,"ocean_custom_logo_mobile_max_height":0,"ocean_header_custom_menu":"0","ocean_menu_typo_font_family":"0","ocean_menu_typo_font_subset":"","ocean_menu_typo_font_size":0,"ocean_menu_typo_font_size_tablet":0,"ocean_menu_typo_font_size_mobile":0,"ocean_menu_typo_font_size_unit":"px","ocean_menu_typo_font_weight":"","ocean_menu_typo_font_weight_tablet":"","ocean_menu_typo_font_weight_mobile":"","ocean_menu_typo_transform":"","ocean_menu_typo_transform_tablet":"","ocean_menu_typo_transform_mobile":"","ocean_menu_typo_line_height":0,"ocean_menu_typo_line_height_tablet":0,"ocean_menu_typo_line_height_mobile":0,"ocean_menu_typo_line_height_unit":"","ocean_menu_typo_spacing":0,"ocean_menu_typo_spacing_tablet":0,"ocean_menu_typo_spacing_mobile":0,"ocean_menu_typo_spacing_unit":"","ocean_menu_link_color":"","ocean_menu_link_color_hover":"","ocean_menu_link_color_active":"","ocean_menu_link_background":"","ocean_menu_link_hover_background":"","ocean_menu_link_active_background":"","ocean_menu_social_links_bg":"","ocean_menu_social_hover_links_bg":"","ocean_menu_social_links_color":"","ocean_menu_social_hover_links_color":"","ocean_disable_title":"default","ocean_disable_heading":"default","ocean_post_title":"","ocean_post_subheading":"","ocean_post_title_style":"","ocean_post_title_background_color":"","ocean_post_title_background":0,"ocean_post_title_bg_image_position":"","ocean_post_title_bg_image_attachment":"","ocean_post_title_bg_image_repeat":"","ocean_post_title_bg_image_size":"","ocean_post_title_height":0,"ocean_post_title_bg_overlay":0.5,"ocean_post_title_bg_overlay_color":"","ocean_disable_breadcrumbs":"default","ocean_breadcrumbs_color":"","ocean_breadcrumbs_separator_color":"","ocean_breadcrumbs_links_color":"","ocean_breadcrumbs_links_hover_color":"","ocean_display_footer_widgets":"default","ocean_display_footer_bottom":"default","ocean_custom_footer_template":"0"},"product_brand":[],"product_cat":[132,271],"product_tag":[276,282,205,273,275,280,281,279,136,274,270,137,162,277,278,243],"class_list":{"0":"post-2660","1":"product","2":"type-product","3":"status-publish","4":"has-post-thumbnail","6":"product_cat-articles-crochetes","7":"product_cat-noel","8":"product_tag-artisanat","9":"product_tag-cadeau","10":"product_tag-coton","11":"product_tag-decoration","12":"product_tag-decoration-mignonne","13":"product_tag-delicat","14":"product_tag-douceur","15":"product_tag-elegant","16":"product_tag-fait-main","17":"product_tag-feerique","18":"product_tag-noel","19":"product_tag-oeko-tex","20":"product_tag-original","21":"product_tag-sapin","22":"product_tag-tradition","23":"product_tag-unique","25":"entry","26":"has-media","28":"first","29":"instock","30":"shipping-taxable","31":"purchasable","32":"product-type-simple","33":"has-product-nav","34":"col","35":"span_1_of_3","36":"owp-content-center","37":"owp-thumbs-layout-horizontal","38":"owp-btn-normal","39":"owp-tabs-layout-horizontal"},"_links":{"self":[{"href":"https:\/\/phineflo.com\/index.php\/wp-json\/wp\/v2\/product\/2660","targetHints":{"allow":["GET"]}}],"collection":[{"href":"https:\/\/phineflo.com\/index.php\/wp-json\/wp\/v2\/product"}],"about":[{"href":"https:\/\/phineflo.com\/index.php\/wp-json\/wp\/v2\/types\/product"}],"replies":[{"embeddable":true,"href":"https:\/\/phineflo.com\/index.php\/wp-json\/wp\/v2\/comments?post=2660"}],"wp:featuredmedia":[{"embeddable":true,"href":"https:\/\/phineflo.com\/index.php\/wp-json\/wp\/v2\/media\/2662"}],"wp:attachment":[{"href":"https:\/\/phineflo.com\/index.php\/wp-json\/wp\/v2\/media?parent=2660"}],"wp:term":[{"taxonomy":"product_brand","embeddable":true,"href":"https:\/\/phineflo.com\/index.php\/wp-json\/wp\/v2\/product_brand?post=2660"},{"taxonomy":"product_cat","embeddable":true,"href":"https:\/\/phineflo.com\/index.php\/wp-json\/wp\/v2\/product_cat?post=2660"},{"taxonomy":"product_tag","embeddable":true,"href":"https:\/\/phineflo.com\/index.php\/wp-json\/wp\/v2\/product_tag?post=2660"}],"curies":[{"name":"wp","href":"https:\/\/api.w.org\/{rel}","templated":true}]}}