{"id":983,"date":"2024-09-02T14:12:43","date_gmt":"2024-09-02T12:12:43","guid":{"rendered":"https:\/\/phineflo.com\/?post_type=product&#038;p=983"},"modified":"2025-03-03T12:21:47","modified_gmt":"2025-03-03T11:21:47","slug":"cotton-quick-uni","status":"publish","type":"product","link":"https:\/\/phineflo.com\/index.php\/produit\/cotton-quick-uni\/","title":{"rendered":"Cotton Quick uni"},"content":{"rendered":"<h2>Ce que vous devez savoir au sujet de notre fil Cotton Quick Uni<\/h2>\n<p>P\u00e9tillant et jovial, voici notre fil Cotton Quick Uni. Notre classique haut en couleurs. Donc, si vous avez besoin d&rsquo;une dose suppl\u00e9mentaire de bonne humeur et d\u2019\u00e9nergie positive, en toute situations, ce fil donnera un coup de fouet color\u00e9 \u00e0 votre vie ! Vous allez tomber amoureux de ce fil facile d\u2019entretien constitu\u00e9 \u00e0 100 pour cent de fibres naturelles : c\u2019est notamment en \u00e9t\u00e9 que son extraordinaire capacit\u00e9 \u00e0 absorber l\u2019humidit\u00e9 le rend merveilleusement rafra\u00eechissant. Gr\u00e2ce \u00e0 diff\u00e9rents processus de traitement, ce coton merceris\u00e9 garde son \u00e9clat soyeux m\u00eame apr\u00e8s plusieurs lavages, et, dans le m\u00eame temps, il ne forme pas de peluches inesth\u00e9tiques. Profitez pleinement d\u2019un large choix de ravissantes nuances ; avez-vous d\u00e9j\u00e0 choisi votre couleur pr\u00e9f\u00e9r\u00e9e ?<\/p>\n<h2>Ce que vous pouvez faire avec notre fil Cotton Quick Uni<\/h2>\n<p>L&rsquo;\u00e9t\u00e9, les tenues estivales sont obligatoires. Chez nous, ce n\u2019est pas un probl\u00e8me\u00a0! En effet, notre fil Cotton Quick Uni a \u00e9t\u00e9 sp\u00e9cialement con\u00e7u pour cela. Profitez pleinement de tops, de gilets et de pulls doux et frais. Mais ce fil fera d\u2019accessoires au tricot ou au crochet, tels que des sacs et des pochettes, un v\u00e9ritable enchantement. Et que diriez-vous de d\u00e9corations d&rsquo;int\u00e9rieur comme des maniques, des sets de table ou des coussins ? Et si vous voulez g\u00e2ter les plus jeunes membres de votre famille : le fil Cotton Quick convient \u00e9galement tr\u00e8s bien \u00e0 la mode pour b\u00e9b\u00e9 et enfants car il est tr\u00e8s facile d\u2019entretien et il ne gratte pas. Mais bien entendu, notre Cotton Quick Uni permet \u00e9galement de r\u00e9aliser de tr\u00e8s jolis amigurumis.<\/p>\n","protected":false},"excerpt":{"rendered":"<p>Composition:100 % coton (merceris\u00e9, gaz\u00e9, comb\u00e9)<\/p>\n<p>Poids \/ Longueur:50 g \/ 125 m<\/p>\n<p>\u00c9chantillon:22 M x 30 R = 10 x 10 cm<\/p>\n<p>Taille des aiguilles:3 mm &#8211; 4 mm<\/p>\n<p>Quantit\u00e9 n\u00e9cessaire :Pull (Gr. 38) = 450 g<\/p>\n<p>Certifications:OEKO-TEX \u00ae<\/p>\n<p data-wp-editing=\"1\">Conseils d&rsquo;entretien: <img loading=\"lazy\" decoding=\"async\" class=\"product-caresymbol alignnone\" src=\"https:\/\/b2b.gruendl.com\/media\/44\/e6\/8a\/1593448276\/G_TTKZ_Waesche_Wollwaschgang_40.png\" width=\"40\" height=\"40\" data-symbol=\"pf_wasch 11\" \/>\u00a0<img loading=\"lazy\" decoding=\"async\" class=\"product-caresymbol\" src=\"https:\/\/b2b.gruendl.com\/media\/32\/47\/40\/1593448276\/G_TTKZ_Waesche_NichtBleichen.png\" width=\"40\" height=\"40\" data-symbol=\"pf_bleich 2\" \/>\u00a0<img loading=\"lazy\" decoding=\"async\" class=\"product-caresymbol\" src=\"https:\/\/b2b.gruendl.com\/media\/c1\/39\/50\/1593448276\/G_TTKZ_Waesche_KeinTrockner.png\" width=\"40\" height=\"40\" data-symbol=\"pf_trock 2\" \/>\u00a0<img loading=\"lazy\" decoding=\"async\" class=\"product-caresymbol\" src=\"https:\/\/b2b.gruendl.com\/media\/e9\/49\/22\/1593448275\/G_TTKZ_Buegeln_Nicht.png\" width=\"40\" height=\"40\" data-symbol=\"pf_bueg 14\" \/>\u00a0<img loading=\"lazy\" decoding=\"async\" class=\"product-caresymbol\" src=\"https:\/\/b2b.gruendl.com\/media\/29\/78\/bb\/1593448275\/G_TTKZ_Waesche_ChemischReinigenMgl.png\" width=\"40\" height=\"40\" data-symbol=\"pf_chem 1\" \/>\u00a0<img loading=\"lazy\" decoding=\"async\" class=\"product-caresymbol\" src=\"https:\/\/b2b.gruendl.com\/media\/ba\/2b\/1d\/1618215910\/Liegend_waschen.png\" width=\"40\" height=\"40\" data-symbol=\"pf_liegtrock 1\" \/><\/p>\n","protected":false},"featured_media":2211,"comment_status":"open","ping_status":"closed","template":"","meta":{"ocean_post_layout":"","ocean_both_sidebars_style":"","ocean_both_sidebars_content_width":0,"ocean_both_sidebars_sidebars_width":0,"ocean_sidebar":"0","ocean_second_sidebar":"0","ocean_disable_margins":"enable","ocean_add_body_class":"","ocean_shortcode_before_top_bar":"","ocean_shortcode_after_top_bar":"","ocean_shortcode_before_header":"","ocean_shortcode_after_header":"","ocean_has_shortcode":"","ocean_shortcode_after_title":"","ocean_shortcode_before_footer_widgets":"","ocean_shortcode_after_footer_widgets":"","ocean_shortcode_before_footer_bottom":"","ocean_shortcode_after_footer_bottom":"","ocean_display_top_bar":"default","ocean_display_header":"default","ocean_header_style":"","ocean_center_header_left_menu":"0","ocean_custom_header_template":"0","ocean_custom_logo":0,"ocean_custom_retina_logo":0,"ocean_custom_logo_max_width":0,"ocean_custom_logo_tablet_max_width":0,"ocean_custom_logo_mobile_max_width":0,"ocean_custom_logo_max_height":0,"ocean_custom_logo_tablet_max_height":0,"ocean_custom_logo_mobile_max_height":0,"ocean_header_custom_menu":"0","ocean_menu_typo_font_family":"0","ocean_menu_typo_font_subset":"","ocean_menu_typo_font_size":0,"ocean_menu_typo_font_size_tablet":0,"ocean_menu_typo_font_size_mobile":0,"ocean_menu_typo_font_size_unit":"px","ocean_menu_typo_font_weight":"","ocean_menu_typo_font_weight_tablet":"","ocean_menu_typo_font_weight_mobile":"","ocean_menu_typo_transform":"","ocean_menu_typo_transform_tablet":"","ocean_menu_typo_transform_mobile":"","ocean_menu_typo_line_height":0,"ocean_menu_typo_line_height_tablet":0,"ocean_menu_typo_line_height_mobile":0,"ocean_menu_typo_line_height_unit":"","ocean_menu_typo_spacing":0,"ocean_menu_typo_spacing_tablet":0,"ocean_menu_typo_spacing_mobile":0,"ocean_menu_typo_spacing_unit":"","ocean_menu_link_color":"","ocean_menu_link_color_hover":"","ocean_menu_link_color_active":"","ocean_menu_link_background":"","ocean_menu_link_hover_background":"","ocean_menu_link_active_background":"","ocean_menu_social_links_bg":"","ocean_menu_social_hover_links_bg":"","ocean_menu_social_links_color":"","ocean_menu_social_hover_links_color":"","ocean_disable_title":"default","ocean_disable_heading":"default","ocean_post_title":"","ocean_post_subheading":"","ocean_post_title_style":"","ocean_post_title_background_color":"","ocean_post_title_background":0,"ocean_post_title_bg_image_position":"","ocean_post_title_bg_image_attachment":"","ocean_post_title_bg_image_repeat":"","ocean_post_title_bg_image_size":"","ocean_post_title_height":0,"ocean_post_title_bg_overlay":0.5,"ocean_post_title_bg_overlay_color":"","ocean_disable_breadcrumbs":"default","ocean_breadcrumbs_color":"","ocean_breadcrumbs_separator_color":"","ocean_breadcrumbs_links_color":"","ocean_breadcrumbs_links_hover_color":"","ocean_display_footer_widgets":"default","ocean_display_footer_bottom":"default","ocean_custom_footer_template":"0"},"product_brand":[],"product_cat":[203,202],"product_tag":[205,206,137],"class_list":{"0":"post-983","1":"product","2":"type-product","3":"status-publish","4":"has-post-thumbnail","6":"product_cat-fil-a-crochete","7":"product_cat-mercerie","8":"product_tag-coton","9":"product_tag-mecerise","10":"product_tag-oeko-tex","12":"entry","13":"has-media","15":"first","16":"instock","17":"shipping-taxable","18":"purchasable","19":"product-type-variable","20":"has-product-nav","21":"col","22":"span_1_of_3","23":"owp-content-center","24":"owp-thumbs-layout-horizontal","25":"owp-btn-normal","26":"owp-tabs-layout-horizontal"},"_links":{"self":[{"href":"https:\/\/phineflo.com\/index.php\/wp-json\/wp\/v2\/product\/983","targetHints":{"allow":["GET"]}}],"collection":[{"href":"https:\/\/phineflo.com\/index.php\/wp-json\/wp\/v2\/product"}],"about":[{"href":"https:\/\/phineflo.com\/index.php\/wp-json\/wp\/v2\/types\/product"}],"replies":[{"embeddable":true,"href":"https:\/\/phineflo.com\/index.php\/wp-json\/wp\/v2\/comments?post=983"}],"wp:featuredmedia":[{"embeddable":true,"href":"https:\/\/phineflo.com\/index.php\/wp-json\/wp\/v2\/media\/2211"}],"wp:attachment":[{"href":"https:\/\/phineflo.com\/index.php\/wp-json\/wp\/v2\/media?parent=983"}],"wp:term":[{"taxonomy":"product_brand","embeddable":true,"href":"https:\/\/phineflo.com\/index.php\/wp-json\/wp\/v2\/product_brand?post=983"},{"taxonomy":"product_cat","embeddable":true,"href":"https:\/\/phineflo.com\/index.php\/wp-json\/wp\/v2\/product_cat?post=983"},{"taxonomy":"product_tag","embeddable":true,"href":"https:\/\/phineflo.com\/index.php\/wp-json\/wp\/v2\/product_tag?post=983"}],"curies":[{"name":"wp","href":"https:\/\/api.w.org\/{rel}","templated":true}]}}